{"id":847,"date":"2023-08-15T13:51:34","date_gmt":"2023-08-15T11:51:34","guid":{"rendered":"https:\/\/carlosfelixweddings.com\/?page_id=847"},"modified":"2024-12-05T10:10:15","modified_gmt":"2024-12-05T09:10:15","slug":"cookie-policy","status":"publish","type":"page","link":"https:\/\/carlosfelixweddings.com\/en\/politica-de-cookies\/","title":{"rendered":"Cookie Policy"},"content":{"rendered":"<div data-elementor-type=\"wp-page\" data-elementor-id=\"847\" class=\"elementor elementor-847\" data-elementor-post-type=\"page\">\n\t\t\t\t<div class=\"elementor-element elementor-element-d3b7e6a e-flex e-con-boxed e-con e-parent\" data-id=\"d3b7e6a\" data-element_type=\"container\" data-e-type=\"container\" data-settings=\"{&quot;background_background&quot;:&quot;classic&quot;}\">\n\t\t\t\t\t<div class=\"e-con-inner\">\n\t\t\t\t<div class=\"elementor-element elementor-element-1de2354 elementor-widget__width-initial elementor-widget-laptop__width-initial elementor-invisible elementor-widget elementor-widget-heading\" data-id=\"1de2354\" data-element_type=\"widget\" data-e-type=\"widget\" data-settings=\"{&quot;_animation&quot;:&quot;fadeIn&quot;}\" data-widget_type=\"heading.default\">\n\t\t\t\t\t<h1 class=\"elementor-heading-title elementor-size-default\">Cookie Policy<\/h1>\t\t\t\t<\/div>\n\t\t\t\t<div class=\"elementor-element elementor-element-30d035f elementor-widget-tablet__width-initial elementor-widget__width-inherit elementor-widget-divider--view-line elementor-widget elementor-widget-divider\" data-id=\"30d035f\" data-element_type=\"widget\" data-e-type=\"widget\" data-widget_type=\"divider.default\">\n\t\t\t\t\t\t\t<div class=\"elementor-divider\">\n\t\t\t<span class=\"elementor-divider-separator\">\n\t\t\t\t\t\t<\/span>\n\t\t<\/div>\n\t\t\t\t\t\t<\/div>\n\t\t\t\t<div class=\"elementor-element elementor-element-b1c4550 elementor-widget-mobile__width-inherit elementor-widget__width-initial elementor-widget elementor-widget-text-editor\" data-id=\"b1c4550\" data-element_type=\"widget\" data-e-type=\"widget\" data-widget_type=\"text-editor.default\">\n\t\t\t\t\t\t\t\t\t<p>Effective Date: 05-Dec-2024 <br \/>Last Updated: 05-Dec-2024<\/p><h4>What are cookies?<\/h4><p>This Cookie Policy explains what cookies are and how we use them, the types of cookies we use i.e, the information we collect using cookies and how that information is used, and how to manage the cookie settings.<\/p><p>Cookies are small text files that are used to store small pieces of information. They are stored on your device when the website is loaded on your browser. These cookies help us make the website function properly, make it more secure, provide better user experience, and understand how the website performs and to analyze what works and where it needs improvement.<\/p><h4>How do we use cookies?<\/h4><p>As most of the online services, our website uses first-party and third-party cookies for several purposes. First-party cookies are mostly necessary for the website to function the right way, and they do not collect any of your personally identifiable data.<\/p><p>The third-party cookies used on our website are mainly for understanding how the website performs, how you interact with our website, keeping our services secure, providing advertisements that are relevant to you, and all in all providing you with a better and improved user experience and help speed up your future interactions with our website.<\/p><h4>Cookie settings<\/h4><p>This will let you revisit the cookie consent banner and change your preferences or withdraw your consent right away.<\/p><p>In addition to this, different browsers provide different methods to block and delete cookies used by websites. You can change the settings of your browser to block\/delete the cookies. Listed below are the links to the support documents on how to manage and delete cookies from the major web browsers.<\/p><p><br \/><strong>Chrome:<\/strong> https:\/\/support.google.com\/accounts\/answer\/32050<br \/><strong>Safari:<\/strong> https:\/\/support.apple.com\/en-in\/guide\/safari\/sfri11471\/mac<br \/><strong>Firefox:<\/strong> https:\/\/support.mozilla.org\/en-US\/kb\/clear-cookies-and-site-data-firefox?redirectslug=delete-cookies-remove-info-websites-stored&amp;amp;redirectlocale=es-US<br \/><strong>Internet Explorer:<\/strong> https:\/\/support.microsoft.com\/en-us\/topic\/how-to-delete-cookie-files-in-internet-explorer-bca9446f-d873-78de-77ba-d42645fa52fc<\/p><p>If you are using any other web browser, please visit your browser\u2019s official support documents.<\/p><h4>Types of Cookies we use<\/h4>\t\t\t\t\t\t\t\t<\/div>\n\t\t\t\t<div class=\"elementor-element elementor-element-66d27e3 elementor-widget__width-initial elementor-widget elementor-widget-html\" data-id=\"66d27e3\" data-element_type=\"widget\" data-e-type=\"widget\" data-widget_type=\"html.default\">\n\t\t\t\t\t<div class= \"cky-audit-table-element\"><\/div>\t\t\t\t<\/div>\n\t\t\t\t<div class=\"elementor-element elementor-element-238b566 elementor-widget-mobile__width-inherit elementor-widget__width-initial elementor-widget elementor-widget-text-editor\" data-id=\"238b566\" data-element_type=\"widget\" data-e-type=\"widget\" data-widget_type=\"text-editor.default\">\n\t\t\t\t\t\t\t\t\t<p>Cookie policy generated by CookieYes - Cookie Policy Generator.<\/p>\t\t\t\t\t\t\t\t<\/div>\n\t\t\t\t\t<\/div>\n\t\t\t\t<\/div>\n\t\t\t\t<\/div>","protected":false},"excerpt":{"rendered":"<p>Pol\u00edtica de Cookies Fecha de entrada en vigor: 05-dic-2024 \u00daltima actualizaci\u00f3n: 05-dic-2024 \u00bfQu\u00e9 son las cookies? Esta Pol\u00edtica de Cookies explica qu\u00e9 son las cookies y c\u00f3mo las utilizamos, los tipos de cookies que utilizamos, es decir, la informaci\u00f3n que recopilamos utilizando cookies y c\u00f3mo se utiliza esa informaci\u00f3n, y c\u00f3mo gestionar la configuraci\u00f3n de [&hellip;]<\/p>\n","protected":false},"author":1,"featured_media":0,"parent":0,"menu_order":55,"comment_status":"closed","ping_status":"closed","template":"elementor_header_footer","meta":{"footnotes":""},"class_list":["post-847","page","type-page","status-publish","hentry"],"yoast_head":"<!-- This site is optimized with the Yoast SEO plugin v27.4 - https:\/\/yoast.com\/product\/yoast-seo-wordpress\/ -->\n<title>Pol\u00edtica de Cookies - Carlos Felix Weddings<\/title>\n<meta name=\"robots\" content=\"noindex, nofollow\" \/>\n<meta property=\"og:locale\" content=\"en_GB\" \/>\n<meta property=\"og:type\" content=\"article\" \/>\n<meta property=\"og:title\" content=\"Pol\u00edtica de Cookies - Carlos Felix Weddings\" \/>\n<meta property=\"og:description\" content=\"Pol\u00edtica de Cookies Fecha de entrada en vigor: 05-dic-2024 \u00daltima actualizaci\u00f3n: 05-dic-2024 \u00bfQu\u00e9 son las cookies? Esta Pol\u00edtica de Cookies explica qu\u00e9 son las cookies y c\u00f3mo las utilizamos, los tipos de cookies que utilizamos, es decir, la informaci\u00f3n que recopilamos utilizando cookies y c\u00f3mo se utiliza esa informaci\u00f3n, y c\u00f3mo gestionar la configuraci\u00f3n de [&hellip;]\" \/>\n<meta property=\"og:url\" content=\"https:\/\/carlosfelixweddings.com\/en\/cookie-policy\/\" \/>\n<meta property=\"og:site_name\" content=\"Carlos Felix Weddings\" \/>\n<meta property=\"article:modified_time\" content=\"2024-12-05T09:10:15+00:00\" \/>\n<meta name=\"twitter:card\" content=\"summary_large_image\" \/>\n<meta name=\"twitter:site\" content=\"@elukef\" \/>\n<meta name=\"twitter:label1\" content=\"Estimated reading time\" \/>\n\t<meta name=\"twitter:data1\" content=\"2 minutes\" \/>\n<script type=\"application\/ld+json\" class=\"yoast-schema-graph\">{\"@context\":\"https:\\\/\\\/schema.org\",\"@graph\":[{\"@type\":\"WebPage\",\"@id\":\"https:\\\/\\\/carlosfelixweddings.com\\\/politica-de-cookies\\\/\",\"url\":\"https:\\\/\\\/carlosfelixweddings.com\\\/politica-de-cookies\\\/\",\"name\":\"Pol\u00edtica de Cookies - Carlos Felix Weddings\",\"isPartOf\":{\"@id\":\"https:\\\/\\\/carlosfelixweddings.com\\\/#website\"},\"datePublished\":\"2023-08-15T11:51:34+00:00\",\"dateModified\":\"2024-12-05T09:10:15+00:00\",\"breadcrumb\":{\"@id\":\"https:\\\/\\\/carlosfelixweddings.com\\\/politica-de-cookies\\\/#breadcrumb\"},\"inLanguage\":\"en-GB\",\"potentialAction\":[{\"@type\":\"ReadAction\",\"target\":[\"https:\\\/\\\/carlosfelixweddings.com\\\/politica-de-cookies\\\/\"]}]},{\"@type\":\"BreadcrumbList\",\"@id\":\"https:\\\/\\\/carlosfelixweddings.com\\\/politica-de-cookies\\\/#breadcrumb\",\"itemListElement\":[{\"@type\":\"ListItem\",\"position\":1,\"name\":\"Portada\",\"item\":\"https:\\\/\\\/carlosfelixweddings.com\\\/\"},{\"@type\":\"ListItem\",\"position\":2,\"name\":\"Pol\u00edtica de Cookies\"}]},{\"@type\":\"WebSite\",\"@id\":\"https:\\\/\\\/carlosfelixweddings.com\\\/#website\",\"url\":\"https:\\\/\\\/carlosfelixweddings.com\\\/\",\"name\":\"Carlos Felix Weddings\",\"description\":\"Vide\u00f3grafo de Bodas | Weddings Videographer\",\"publisher\":{\"@id\":\"https:\\\/\\\/carlosfelixweddings.com\\\/#\\\/schema\\\/person\\\/ea6a553b88d5f13090db0d991e097421\"},\"potentialAction\":[{\"@type\":\"SearchAction\",\"target\":{\"@type\":\"EntryPoint\",\"urlTemplate\":\"https:\\\/\\\/carlosfelixweddings.com\\\/?s={search_term_string}\"},\"query-input\":{\"@type\":\"PropertyValueSpecification\",\"valueRequired\":true,\"valueName\":\"search_term_string\"}}],\"inLanguage\":\"en-GB\"},{\"@type\":[\"Person\",\"Organization\"],\"@id\":\"https:\\\/\\\/carlosfelixweddings.com\\\/#\\\/schema\\\/person\\\/ea6a553b88d5f13090db0d991e097421\",\"name\":\"Carlos F\u00e9lix\",\"image\":{\"@type\":\"ImageObject\",\"inLanguage\":\"en-GB\",\"@id\":\"https:\\\/\\\/carlosfelixweddings.com\\\/wp-content\\\/uploads\\\/2023\\\/04\\\/carlos-felix-weddings-logo-black.svg\",\"url\":\"https:\\\/\\\/carlosfelixweddings.com\\\/wp-content\\\/uploads\\\/2023\\\/04\\\/carlos-felix-weddings-logo-black.svg\",\"contentUrl\":\"https:\\\/\\\/carlosfelixweddings.com\\\/wp-content\\\/uploads\\\/2023\\\/04\\\/carlos-felix-weddings-logo-black.svg\",\"width\":880,\"height\":197,\"caption\":\"Carlos F\u00e9lix\"},\"logo\":{\"@id\":\"https:\\\/\\\/carlosfelixweddings.com\\\/wp-content\\\/uploads\\\/2023\\\/04\\\/carlos-felix-weddings-logo-black.svg\"},\"sameAs\":[\"https:\\\/\\\/x.com\\\/elukef\"]}]}<\/script>\n<!-- \/ Yoast SEO plugin. -->","yoast_head_json":{"title":"Cookies Policy - Carlos Felix Weddings","robots":{"index":"noindex","follow":"nofollow"},"og_locale":"en_GB","og_type":"article","og_title":"Pol\u00edtica de Cookies - Carlos Felix Weddings","og_description":"Pol\u00edtica de Cookies Fecha de entrada en vigor: 05-dic-2024 \u00daltima actualizaci\u00f3n: 05-dic-2024 \u00bfQu\u00e9 son las cookies? Esta Pol\u00edtica de Cookies explica qu\u00e9 son las cookies y c\u00f3mo las utilizamos, los tipos de cookies que utilizamos, es decir, la informaci\u00f3n que recopilamos utilizando cookies y c\u00f3mo se utiliza esa informaci\u00f3n, y c\u00f3mo gestionar la configuraci\u00f3n de [&hellip;]","og_url":"https:\/\/carlosfelixweddings.com\/en\/cookie-policy\/","og_site_name":"Carlos Felix Weddings","article_modified_time":"2024-12-05T09:10:15+00:00","twitter_card":"summary_large_image","twitter_site":"@elukef","twitter_misc":{"Estimated reading time":"2 minutes"},"schema":{"@context":"https:\/\/schema.org","@graph":[{"@type":"WebPage","@id":"https:\/\/carlosfelixweddings.com\/politica-de-cookies\/","url":"https:\/\/carlosfelixweddings.com\/politica-de-cookies\/","name":"Cookies Policy - Carlos Felix Weddings","isPartOf":{"@id":"https:\/\/carlosfelixweddings.com\/#website"},"datePublished":"2023-08-15T11:51:34+00:00","dateModified":"2024-12-05T09:10:15+00:00","breadcrumb":{"@id":"https:\/\/carlosfelixweddings.com\/politica-de-cookies\/#breadcrumb"},"inLanguage":"en-GB","potentialAction":[{"@type":"ReadAction","target":["https:\/\/carlosfelixweddings.com\/politica-de-cookies\/"]}]},{"@type":"BreadcrumbList","@id":"https:\/\/carlosfelixweddings.com\/politica-de-cookies\/#breadcrumb","itemListElement":[{"@type":"ListItem","position":1,"name":"Portada","item":"https:\/\/carlosfelixweddings.com\/"},{"@type":"ListItem","position":2,"name":"Pol\u00edtica de Cookies"}]},{"@type":"WebSite","@id":"https:\/\/carlosfelixweddings.com\/#website","url":"https:\/\/carlosfelixweddings.com\/","name":"Carlos Felix Weddings","description":"Weddings Videographer | Weddings Videographer","publisher":{"@id":"https:\/\/carlosfelixweddings.com\/#\/schema\/person\/ea6a553b88d5f13090db0d991e097421"},"potentialAction":[{"@type":"SearchAction","target":{"@type":"EntryPoint","urlTemplate":"https:\/\/carlosfelixweddings.com\/?s={search_term_string}"},"query-input":{"@type":"PropertyValueSpecification","valueRequired":true,"valueName":"search_term_string"}}],"inLanguage":"en-GB"},{"@type":["Person","Organization"],"@id":"https:\/\/carlosfelixweddings.com\/#\/schema\/person\/ea6a553b88d5f13090db0d991e097421","name":"Carlos F\u00e9lix","image":{"@type":"ImageObject","inLanguage":"en-GB","@id":"https:\/\/carlosfelixweddings.com\/wp-content\/uploads\/2023\/04\/carlos-felix-weddings-logo-black.svg","url":"https:\/\/carlosfelixweddings.com\/wp-content\/uploads\/2023\/04\/carlos-felix-weddings-logo-black.svg","contentUrl":"https:\/\/carlosfelixweddings.com\/wp-content\/uploads\/2023\/04\/carlos-felix-weddings-logo-black.svg","width":880,"height":197,"caption":"Carlos F\u00e9lix"},"logo":{"@id":"https:\/\/carlosfelixweddings.com\/wp-content\/uploads\/2023\/04\/carlos-felix-weddings-logo-black.svg"},"sameAs":["https:\/\/x.com\/elukef"]}]}},"_links":{"self":[{"href":"https:\/\/carlosfelixweddings.com\/en\/wp-json\/wp\/v2\/pages\/847","targetHints":{"allow":["GET"]}}],"collection":[{"href":"https:\/\/carlosfelixweddings.com\/en\/wp-json\/wp\/v2\/pages"}],"about":[{"href":"https:\/\/carlosfelixweddings.com\/en\/wp-json\/wp\/v2\/types\/page"}],"author":[{"embeddable":true,"href":"https:\/\/carlosfelixweddings.com\/en\/wp-json\/wp\/v2\/users\/1"}],"replies":[{"embeddable":true,"href":"https:\/\/carlosfelixweddings.com\/en\/wp-json\/wp\/v2\/comments?post=847"}],"version-history":[{"count":17,"href":"https:\/\/carlosfelixweddings.com\/en\/wp-json\/wp\/v2\/pages\/847\/revisions"}],"predecessor-version":[{"id":2331,"href":"https:\/\/carlosfelixweddings.com\/en\/wp-json\/wp\/v2\/pages\/847\/revisions\/2331"}],"wp:attachment":[{"href":"https:\/\/carlosfelixweddings.com\/en\/wp-json\/wp\/v2\/media?parent=847"}],"curies":[{"name":"wp","href":"https:\/\/api.w.org\/{rel}","templated":true}]}}